{"id":3377,"date":"2024-04-11T09:11:41","date_gmt":"2024-04-11T09:11:41","guid":{"rendered":"https:\/\/innocamps.lead.org.mk\/?page_id=3377"},"modified":"2024-04-11T09:11:41","modified_gmt":"2024-04-11T09:11:41","slug":"sfida-3","status":"publish","type":"page","link":"https:\/\/innocamps.lead.org.mk\/?page_id=3377","title":{"rendered":"Sfida"},"content":{"rendered":"<div class=\"fusion-fullwidth fullwidth-box fusion-builder-row-1 fusion-flex-container has-pattern-background has-mask-background nonhundred-percent-fullwidth non-hundred-percent-height-scrolling\" style=\"--awb-border-radius-top-left:0px;--awb-border-radius-top-right:0px;--awb-border-radius-bottom-right:0px;--awb-border-radius-bottom-left:0px;--awb-flex-wrap:wrap;\" ><div class=\"fusion-builder-row fusion-row fusion-flex-align-items-flex-start fusion-flex-content-wrap\" style=\"max-width:1372.8px;margin-left: calc(-4% \/ 2 );margin-right: calc(-4% \/ 2 );\"><div class=\"fusion-layout-column fusion_builder_column fusion-builder-column-0 fusion_builder_column_1_1 1_1 fusion-flex-column\" style=\"--awb-bg-size:cover;--awb-width-large:100%;--awb-margin-top-large:20px;--awb-spacing-right-large:1.92%;--awb-margin-bottom-large:20px;--awb-spacing-left-large:1.92%;--awb-width-medium:100%;--awb-order-medium:0;--awb-spacing-right-medium:1.92%;--awb-spacing-left-medium:1.92%;--awb-width-small:100%;--awb-order-small:0;--awb-spacing-right-small:1.92%;--awb-spacing-left-small:1.92%;\"><div class=\"fusion-column-wrapper fusion-column-has-shadow fusion-flex-justify-content-flex-start fusion-content-layout-column\"><div class=\"fusion-title title fusion-title-1 fusion-sep-none fusion-title-center fusion-title-text fusion-title-size-three\"><h3 class=\"fusion-title-heading title-heading-center fusion-responsive-typography-calculated\" style=\"font-family:&quot;Montserrat&quot;;font-style:normal;font-weight:400;margin:0;text-transform:uppercase;--fontSize:32;line-height:1.26;\"><strong>NEGREVO &#8211; QEND\u00cbR EDUKATIVE P\u00cbR RUAJTJEN E NATYR\u00cbS: Shfryt\u00ebzimi i potencialeve natyrore t\u00eb Maleshev\u00ebs<\/strong><\/h3><\/div><div class=\"fusion-image-element \" style=\"--awb-caption-title-font-family:var(--h2_typography-font-family);--awb-caption-title-font-weight:var(--h2_typography-font-weight);--awb-caption-title-font-style:var(--h2_typography-font-style);--awb-caption-title-size:var(--h2_typography-font-size);--awb-caption-title-transform:var(--h2_typography-text-transform);--awb-caption-title-line-height:var(--h2_typography-line-height);--awb-caption-title-letter-spacing:var(--h2_typography-letter-spacing);\"><span class=\" fusion-imageframe imageframe-none imageframe-1 hover-type-none\" style=\"border-radius:8px;\"><img decoding=\"async\" width=\"1080\" height=\"1080\" title=\"Insta poster &#8211; Innocamp 6\" src=\"https:\/\/innocamps.lead.org.mk\/wp-content\/uploads\/2024\/04\/Insta-poster-Innocamp-6.png\" data-orig-src=\"https:\/\/innocamps.lead.org.mk\/wp-content\/uploads\/2024\/04\/Insta-poster-Innocamp-6.png\" alt class=\"lazyload img-responsive wp-image-3358\" srcset=\"data:image\/svg+xml,%3Csvg%20xmlns%3D%27http%3A%2F%2Fwww.w3.org%2F2000%2Fsvg%27%20width%3D%271080%27%20height%3D%271080%27%20viewBox%3D%270%200%201080%201080%27%3E%3Crect%20width%3D%271080%27%20height%3D%271080%27%20fill-opacity%3D%220%22%2F%3E%3C%2Fsvg%3E\" data-srcset=\"https:\/\/innocamps.lead.org.mk\/wp-content\/uploads\/2024\/04\/Insta-poster-Innocamp-6-200x200.png 200w, https:\/\/innocamps.lead.org.mk\/wp-content\/uploads\/2024\/04\/Insta-poster-Innocamp-6-400x400.png 400w, https:\/\/innocamps.lead.org.mk\/wp-content\/uploads\/2024\/04\/Insta-poster-Innocamp-6-600x600.png 600w, https:\/\/innocamps.lead.org.mk\/wp-content\/uploads\/2024\/04\/Insta-poster-Innocamp-6-800x800.png 800w, https:\/\/innocamps.lead.org.mk\/wp-content\/uploads\/2024\/04\/Insta-poster-Innocamp-6.png 1080w\" data-sizes=\"auto\" data-orig-sizes=\"(max-width: 640px) 100vw, 1080px\" \/><\/span><\/div><div class=\"fusion-title title fusion-title-2 fusion-sep-none fusion-title-text fusion-title-size-four\"><h4 class=\"fusion-title-heading title-heading-left fusion-responsive-typography-calculated\" style=\"font-family:&quot;Montserrat&quot;;font-style:normal;font-weight:400;margin:0;text-transform:uppercase;--fontSize:26;line-height:1.4;\"><b>Si \u00ebsht\u00eb situata? <\/b><\/h4><\/div><div class=\"fusion-text fusion-text-1\" style=\"--awb-content-alignment:justify;--awb-font-size:17px;\"><p>Relativisht e re dhe pak e njohur p\u00ebr publikun, Qendra Edukative p\u00ebr Ruajtjen e Natyr\u00ebs &#8211; Negrevo u themelua n\u00eb vitin 2017 dhe ndodhet n\u00eb nd\u00ebrtes\u00ebn e shkoll\u00ebs s\u00eb vjet\u00ebr n\u00eb fshatin Negrevo, q\u00eb ndodhet 2 km nga qyteti i Peh\u00e7ev\u00ebs.<\/p>\n<p>Q\u00ebllimi kryesor i qendr\u00ebs edukative \u00ebsht\u00eb t\u00eb kontribuoj\u00eb n\u00eb ruajtjen e natyr\u00ebs n\u00eb rajonin e Bregallnic\u00ebs duke edukuar dhe rritur nd\u00ebrgjegj\u00ebsimin e publikut, si dhe duke promovuar p\u00ebrdorimin e q\u00ebndruesh\u00ebm t\u00eb burimeve natyrore. Q\u00ebllimi kryesor i qendr\u00ebs \u00ebsht\u00eb t\u00eb sjell\u00eb m\u00eb af\u00ebr r\u00ebnd\u00ebsin\u00eb e natyr\u00ebs dhe biodiversitetin e Bregallnic\u00ebs.<\/p>\n<p>Qendra edukative ka nj\u00eb oborr t\u00eb rregulluar, me element\u00eb p\u00ebr aktivitete interaktive p\u00ebr f\u00ebmij\u00ebt, t\u00eb rinjt\u00eb dhe t\u00eb rriturit. Vizitor\u00ebt gjithashtu mund t\u00eb vizitojn\u00eb &#8220;Shtegun e Petkos dhe banor\u00ebt e pyjeve &#8211; Aventura e Peh\u00e7evsk\u00ebs&#8221;, e cila lidh Qendr\u00ebn Edukative me vendin e Judovi Livadi, ku rritet lul\u00ebzon bima insektngr\u00ebn\u00ebse mizak\u00ebp\u00ebse (Drosera Rotundifolia), e cila \u00ebsht\u00eb nj\u00eb specie endemike p\u00ebr k\u00ebto zona.<\/p>\n<p>M\u00eb shum\u00eb informacion rreth qendr\u00ebs edukative mund t\u00eb gjeni n\u00eb linkun e m\u00ebposht\u00ebm &#8211; <a href=\"https:\/\/ecnegrevo.mk\/\">https:\/\/ecnegrevo.mk\/<\/a><\/p>\n<\/div><div class=\"fusion-title title fusion-title-3 fusion-sep-none fusion-title-text fusion-title-size-four\"><h4 class=\"fusion-title-heading title-heading-left fusion-responsive-typography-calculated\" style=\"font-family:&quot;Montserrat&quot;;font-style:normal;font-weight:400;margin:0;text-transform:uppercase;--fontSize:26;line-height:1.4;\"><b>Cila \u00ebsht\u00eb sfida?<\/b><\/h4><\/div><div class=\"fusion-text fusion-text-2\" style=\"--awb-content-alignment:justify;--awb-font-size:17px;\"><p>Qendra edukative ofron aktivitete edukative kryesisht p\u00ebr f\u00ebmij\u00ebt dhe t\u00eb rinjt\u00eb p\u00ebrmes mjediseve t\u00eb saj n\u00eb pjes\u00ebn e brendshme t\u00eb objektit ku paraqitet biodiversiteti i Maleshevis\u00eb dhe rajoni i Bregallnic\u00ebs.<\/p>\n<p>Qendra ka gjithashtu nj\u00eb zon\u00eb t\u00eb madhe t\u00eb jashtme ku aktualisht ka furnizim t\u00eb kufizuar t\u00eb pajisjeve informative edukative. Nga ana tjet\u00ebr, rajoni ku ndodhet qendra \u00ebsht\u00eb nj\u00eb nga rajonet me m\u00eb shum\u00eb dit\u00eb me diell gjat\u00eb vitit, n\u00eb vend. P\u00ebr m\u00eb tep\u00ebr, lag\u00ebshtia, potenciali i ujit dhe era n\u00eb rajonin e Bregallnic\u00ebs gjithashtu \u00ebsht\u00eb e volitshme.<\/p>\n<\/div><div class=\"fusion-image-element \" style=\"--awb-caption-title-font-family:var(--h2_typography-font-family);--awb-caption-title-font-weight:var(--h2_typography-font-weight);--awb-caption-title-font-style:var(--h2_typography-font-style);--awb-caption-title-size:var(--h2_typography-font-size);--awb-caption-title-transform:var(--h2_typography-text-transform);--awb-caption-title-line-height:var(--h2_typography-line-height);--awb-caption-title-letter-spacing:var(--h2_typography-letter-spacing);\"><span class=\" fusion-imageframe imageframe-none imageframe-2 hover-type-none\" style=\"border-radius:8px;\"><img decoding=\"async\" width=\"1000\" height=\"667\" title=\"Slika negrevo dvor\" src=\"https:\/\/innocamps.lead.org.mk\/wp-content\/uploads\/2024\/04\/Slika-negrevo-dvor.jpg\" data-orig-src=\"https:\/\/innocamps.lead.org.mk\/wp-content\/uploads\/2024\/04\/Slika-negrevo-dvor.jpg\" alt class=\"lazyload img-responsive wp-image-3369\" srcset=\"data:image\/svg+xml,%3Csvg%20xmlns%3D%27http%3A%2F%2Fwww.w3.org%2F2000%2Fsvg%27%20width%3D%271000%27%20height%3D%27667%27%20viewBox%3D%270%200%201000%20667%27%3E%3Crect%20width%3D%271000%27%20height%3D%27667%27%20fill-opacity%3D%220%22%2F%3E%3C%2Fsvg%3E\" data-srcset=\"https:\/\/innocamps.lead.org.mk\/wp-content\/uploads\/2024\/04\/Slika-negrevo-dvor-200x133.jpg 200w, https:\/\/innocamps.lead.org.mk\/wp-content\/uploads\/2024\/04\/Slika-negrevo-dvor-400x267.jpg 400w, https:\/\/innocamps.lead.org.mk\/wp-content\/uploads\/2024\/04\/Slika-negrevo-dvor-600x400.jpg 600w, https:\/\/innocamps.lead.org.mk\/wp-content\/uploads\/2024\/04\/Slika-negrevo-dvor-800x534.jpg 800w, https:\/\/innocamps.lead.org.mk\/wp-content\/uploads\/2024\/04\/Slika-negrevo-dvor.jpg 1000w\" data-sizes=\"auto\" data-orig-sizes=\"(max-width: 640px) 100vw, 1000px\" \/><\/span><\/div><div class=\"fusion-title title fusion-title-4 fusion-sep-none fusion-title-text fusion-title-size-four\"><h4 class=\"fusion-title-heading title-heading-left fusion-responsive-typography-calculated\" style=\"font-family:&quot;Montserrat&quot;;font-style:normal;font-weight:400;margin:0;--fontSize:26;line-height:1.4;\"><b>Q\u00ebllimi i zgjidhjes s\u00eb sfid\u00ebs?<\/b><\/h4><\/div><div class=\"fusion-text fusion-text-3\" style=\"--awb-font-size:17px;\"><p>Q\u00ebllimi i sfid\u00ebs \u00ebsht\u00eb <strong>krijimi i mjeteve demonstruese funksionale edukative<\/strong> <strong>duke p\u00ebrdorur potencialet natyrore t\u00eb rajonit (dielli, uji dhe era)<\/strong> q\u00eb do t\u00eb jen\u00eb pjes\u00eb p\u00ebrb\u00ebr\u00ebse e ofert\u00ebs s\u00eb Qendr\u00ebs Edukative n\u00eb pjes\u00ebn e jashtme t\u00eb objektit (oborri).<\/p>\n<p>Shenjat p\u00ebr orientim mund t\u00eb jen\u00eb maketa, modele ose p\u00ebrmbajtje q\u00eb do t\u00eb vendosen n\u00eb oborrin e Qendr\u00ebs edukative.<\/p>\n<p>Shenjat p\u00ebr orientim duhet t\u00eb synojn\u00eb shfryt\u00ebzimin e burimeve natyrore t\u00eb rajonit, kryesisht t\u00eb energjis\u00eb diellore, ujit dhe er\u00ebs. Shenjat p\u00ebr orientim duhet t\u00eb ken\u00eb q\u00ebllim edukativ dhe t\u00eb p\u00ebrdoren gjat\u00eb vizitave t\u00eb f\u00ebmij\u00ebve dhe t\u00eb rinjt\u00eb n\u00eb qend\u00ebr.<\/p>\n<\/div><div class=\"fusion-text fusion-text-4\" style=\"--awb-font-size:15px;--awb-margin-top:25px;--awb-margin-right:180px;--awb-margin-left:180px;\"><p style=\"text-align: center;\"><strong>Projekti \u201cKampet e Inovacionit n\u00eb bashk\u00ebpunim me Rrjetin e M\u00ebsimit Eksperiencial\u201d zbatohet nga Shoqata LEAD me mb\u00ebshtetjen financiare t\u00eb UNICEF-it dhe Suedis\u00eb.<\/strong><\/p>\n<\/div><\/div><\/div><\/div><\/div>\n","protected":false},"excerpt":{"rendered":"","protected":false},"author":1,"featured_media":3358,"parent":0,"menu_order":0,"comment_status":"closed","ping_status":"closed","template":"","meta":{"content-type":"","footnotes":""},"class_list":["post-3377","page","type-page","status-publish","has-post-thumbnail","hentry"],"_links":{"self":[{"href":"https:\/\/innocamps.lead.org.mk\/index.php?rest_route=\/wp\/v2\/pages\/3377","targetHints":{"allow":["GET"]}}],"collection":[{"href":"https:\/\/innocamps.lead.org.mk\/index.php?rest_route=\/wp\/v2\/pages"}],"about":[{"href":"https:\/\/innocamps.lead.org.mk\/index.php?rest_route=\/wp\/v2\/types\/page"}],"author":[{"embeddable":true,"href":"https:\/\/innocamps.lead.org.mk\/index.php?rest_route=\/wp\/v2\/users\/1"}],"replies":[{"embeddable":true,"href":"https:\/\/innocamps.lead.org.mk\/index.php?rest_route=%2Fwp%2Fv2%2Fcomments&post=3377"}],"version-history":[{"count":2,"href":"https:\/\/innocamps.lead.org.mk\/index.php?rest_route=\/wp\/v2\/pages\/3377\/revisions"}],"predecessor-version":[{"id":3379,"href":"https:\/\/innocamps.lead.org.mk\/index.php?rest_route=\/wp\/v2\/pages\/3377\/revisions\/3379"}],"wp:featuredmedia":[{"embeddable":true,"href":"https:\/\/innocamps.lead.org.mk\/index.php?rest_route=\/wp\/v2\/media\/3358"}],"wp:attachment":[{"href":"https:\/\/innocamps.lead.org.mk\/index.php?rest_route=%2Fwp%2Fv2%2Fmedia&parent=3377"}],"curies":[{"name":"wp","href":"https:\/\/api.w.org\/{rel}","templated":true}]}}