{"id":3373,"date":"2024-04-11T09:08:30","date_gmt":"2024-04-11T09:08:30","guid":{"rendered":"https:\/\/innocamps.lead.org.mk\/?page_id=3373"},"modified":"2024-05-02T15:43:04","modified_gmt":"2024-05-02T15:43:04","slug":"thirrje-2","status":"publish","type":"page","link":"https:\/\/innocamps.lead.org.mk\/?page_id=3373","title":{"rendered":"Thirrje"},"content":{"rendered":"<div class=\"fusion-fullwidth fullwidth-box fusion-builder-row-1 fusion-flex-container has-pattern-background has-mask-background nonhundred-percent-fullwidth non-hundred-percent-height-scrolling\" style=\"--awb-border-radius-top-left:0px;--awb-border-radius-top-right:0px;--awb-border-radius-bottom-right:0px;--awb-border-radius-bottom-left:0px;--awb-flex-wrap:wrap;\" ><div class=\"fusion-builder-row fusion-row fusion-flex-align-items-center fusion-flex-justify-content-center fusion-flex-content-wrap\" style=\"max-width:1372.8px;margin-left: calc(-4% \/ 2 );margin-right: calc(-4% \/ 2 );\"><div class=\"fusion-layout-column fusion_builder_column fusion-builder-column-0 fusion_builder_column_1_1 1_1 fusion-flex-column\" style=\"--awb-bg-size:cover;--awb-width-large:100%;--awb-margin-top-large:20px;--awb-spacing-right-large:1.92%;--awb-margin-bottom-large:20px;--awb-spacing-left-large:1.92%;--awb-width-medium:100%;--awb-order-medium:0;--awb-spacing-right-medium:1.92%;--awb-spacing-left-medium:1.92%;--awb-width-small:100%;--awb-order-small:0;--awb-spacing-right-small:1.92%;--awb-spacing-left-small:1.92%;\"><div class=\"fusion-column-wrapper fusion-column-has-shadow fusion-flex-justify-content-flex-start fusion-content-layout-column\"><div class=\"fusion-title title fusion-title-1 fusion-sep-none fusion-title-center fusion-title-text fusion-title-size-one\"><h1 class=\"fusion-title-heading title-heading-center fusion-responsive-typography-calculated\" style=\"margin:0;--fontSize:72;line-height:var(--awb-typography1-line-height);\"><p><strong>THIRRJE P\u00cbR STUDENT\u00cb<\/strong><br \/>\n<strong>Inovo p\u00ebr mjedisin jet\u00ebsor<\/strong><\/p><\/h1><\/div><div class=\"fusion-text fusion-text-1\"><p>Aplikoni p\u00ebr pjes\u00ebmarrje n\u00eb kampin p\u00ebr inovacion kushtuar sfid\u00ebs <strong>Shfryt\u00ebzimi i potencialeve natyrore t\u00eb Maleshevis\u00eb<\/strong> n\u00eb bashk\u00ebpunim me <strong>QENDR\u00cbN EDUKATIVE P\u00cbR RUAJTJEN E NATYR\u00cbS-NEGREVO<\/strong> ku do t\u00eb keni mund\u00ebsi n\u00eb afat prej 48 or\u00eb n\u00eb ekip prej 5 persona t\u00eb punoni n\u00eb krijimin e zgjidhjes m\u00eb inovative. Ekipi fitues fiton 120000 denar\u00eb p\u00ebr zbatimin e zgjidhjes.<\/p>\n<\/div><div class=\"fusion-image-element \" style=\"--awb-caption-title-font-family:var(--h2_typography-font-family);--awb-caption-title-font-weight:var(--h2_typography-font-weight);--awb-caption-title-font-style:var(--h2_typography-font-style);--awb-caption-title-size:var(--h2_typography-font-size);--awb-caption-title-transform:var(--h2_typography-text-transform);--awb-caption-title-line-height:var(--h2_typography-line-height);--awb-caption-title-letter-spacing:var(--h2_typography-letter-spacing);\"><span class=\" fusion-imageframe imageframe-none imageframe-1 hover-type-none\" style=\"border-radius:8px;\"><img decoding=\"async\" width=\"1080\" height=\"1080\" title=\"Insta poster &#8211; Innocamp 6\" src=\"https:\/\/innocamps.lead.org.mk\/wp-content\/uploads\/2024\/04\/Insta-poster-Innocamp-6.png\" data-orig-src=\"https:\/\/innocamps.lead.org.mk\/wp-content\/uploads\/2024\/04\/Insta-poster-Innocamp-6.png\" alt class=\"lazyload img-responsive wp-image-3358\" srcset=\"data:image\/svg+xml,%3Csvg%20xmlns%3D%27http%3A%2F%2Fwww.w3.org%2F2000%2Fsvg%27%20width%3D%271080%27%20height%3D%271080%27%20viewBox%3D%270%200%201080%201080%27%3E%3Crect%20width%3D%271080%27%20height%3D%271080%27%20fill-opacity%3D%220%22%2F%3E%3C%2Fsvg%3E\" data-srcset=\"https:\/\/innocamps.lead.org.mk\/wp-content\/uploads\/2024\/04\/Insta-poster-Innocamp-6-200x200.png 200w, https:\/\/innocamps.lead.org.mk\/wp-content\/uploads\/2024\/04\/Insta-poster-Innocamp-6-400x400.png 400w, https:\/\/innocamps.lead.org.mk\/wp-content\/uploads\/2024\/04\/Insta-poster-Innocamp-6-600x600.png 600w, https:\/\/innocamps.lead.org.mk\/wp-content\/uploads\/2024\/04\/Insta-poster-Innocamp-6-800x800.png 800w, https:\/\/innocamps.lead.org.mk\/wp-content\/uploads\/2024\/04\/Insta-poster-Innocamp-6.png 1080w\" data-sizes=\"auto\" data-orig-sizes=\"(max-width: 640px) 100vw, 1080px\" \/><\/span><\/div><div style=\"text-align:center;\"><a class=\"fusion-button button-flat fusion-button-default-size button-custom fusion-button-default button-1 fusion-button-default-span fusion-button-default-type\" style=\"--button_accent_color:#ffffff;--button_accent_hover_color:#ffffff;--button_border_hover_color:var(--awb-color1);--button_gradient_top_color:#3c62ae;--button_gradient_bottom_color:#3c62ae;--button_gradient_top_color_hover:hsla(var(--awb-color7-h),var(--awb-color7-s),calc(var(--awb-color7-l) - 8%),var(--awb-color7-a));--button_gradient_bottom_color_hover:hsla(var(--awb-color7-h),var(--awb-color7-s),calc(var(--awb-color7-l) - 8%),var(--awb-color7-a));--button_text_transform:none;--button_font_size:20px;--button_typography-font-family:&quot;Montserrat&quot;;--button_typography-font-style:normal;--button_typography-font-weight:700;--button_margin-top:20px;--button_margin-bottom:20px;\" target=\"_self\" href=\"https:\/\/docs.google.com\/forms\/d\/e\/1FAIpQLSd6lL3-s5o3Rb_Uh3ut1U_OwUwomUxF_Brpj5GoeCyNkz71Bw\/viewform\"><span class=\"fusion-button-text\">APLIKIMI<\/span><\/a><\/div><div class=\"fusion-title title fusion-title-2 fusion-sep-none fusion-title-text fusion-title-size-four\"><h4 class=\"fusion-title-heading title-heading-left fusion-responsive-typography-calculated\" style=\"margin:0;--fontSize:26;line-height:1.4;\"><strong>\u00c7FAR\u00cb \u00cbSHT\u00cb KAMP INOVACIONI?<\/strong><\/h4><\/div><div class=\"fusion-text fusion-text-2\" style=\"--awb-content-alignment:justify;\"><p><strong>Kampi i Inovacionit<\/strong> \u00ebsht\u00eb nj\u00eb ngjarje tekniko-teknologjike p\u00ebr student\u00ebt q\u00eb gjeneron ide t\u00eb reja dhe emocionuese, duke trajtuar nj\u00eb <strong>sfid\u00eb t\u00eb komunitetit, <\/strong>nd\u00ebrsa n\u00eb rastin ton\u00eb, mjedisin jet\u00ebsor dhe ndryshimet klimatike.<\/p>\n<\/div><div class=\"fusion-title title fusion-title-3 fusion-sep-none fusion-title-text fusion-title-size-four\"><h4 class=\"fusion-title-heading title-heading-left fusion-responsive-typography-calculated\" style=\"margin:0;--fontSize:26;line-height:1.4;\"><strong>\u00c7FAR\u00cb SFIDE DO T\u00cb P\u00cbRPIQEMI T\u00cb ZGJIDHIM?<\/strong><\/h4><\/div><div class=\"fusion-text fusion-text-3\"><p>Q\u00ebllimi i sfid\u00ebs \u00ebsht\u00eb krijimi i mjeteve demonstruese funksionale edukative duke p\u00ebrdorur potencialet natyrore t\u00eb rajonit (dielli, uji dhe era) q\u00eb do t\u00eb jen\u00eb pjes\u00eb p\u00ebrb\u00ebr\u00ebse e ofert\u00ebs s\u00eb Qendr\u00ebs edukative n\u00eb pjes\u00ebn e jashtme t\u00eb objektit (oborri).<\/p>\n<p>Nj\u00eb p\u00ebrshkrim i detajuar i sfid\u00ebs \u00ebsht\u00eb n\u00eb dispozicion n\u00eb <a href=\"https:\/\/innocamps.lead.org.mk\/?page_id=3377\" target=\"_blank\" rel=\"noopener\"><span style=\"color: #000080;\"><strong>LINKUN<\/strong><\/span><\/a> e m\u00ebposht\u00ebm.<\/p>\n<\/div><div class=\"fusion-title title fusion-title-4 fusion-sep-none fusion-title-text fusion-title-size-four\"><h4 class=\"fusion-title-heading title-heading-left fusion-responsive-typography-calculated\" style=\"margin:0;--fontSize:26;line-height:1.4;\"><strong>PSE T\u00cb APLIKOSH?<\/strong><\/h4><\/div><div class=\"fusion-text fusion-text-4\"><p>Ke nevoj\u00eb p\u00ebr p\u00ebrvoj\u00eb praktike n\u00eb studimet e tua?<br \/>\nD\u00ebshironi t\u00eb jeni pjes\u00eb e nj\u00eb ekipi nd\u00ebrdisiplinor t\u00eb student\u00ebve t\u00eb motivuar?<br \/>\nKe interes p\u00ebr hartimin e p\u00ebrvojave arsimore, vizualizimin e t\u00eb dh\u00ebnave dhe hap\u00ebsirave, kodimin, biologjin\u00eb dhe t\u00eb ngjashme?<\/p>\n<p><strong>Pjes\u00ebmarrja n\u00eb kampin e inovacionit do t&#8217;ju mund\u00ebsoj\u00eb t\u00eb:<\/strong><\/p>\n<ul>\n<li>T\u00eb zhvilloni aft\u00ebsi q\u00eb nuk m\u00ebsohen gjithmon\u00eb n\u00eb fakultet (puna ekipore, kreativiteti, zgjidhja e problemeve, puna n\u00ebn presion)<\/li>\n<li>T\u00eb punoni me student\u00eb nga fusha, drejtime dhe aft\u00ebsi t\u00eb ndryshme<\/li>\n<li>T\u00eb m\u00ebsosh nga mentor\u00ebt ekspert\u00eb q\u00eb do t\u00eb jen\u00eb pjes\u00eb e Inokamp<\/li>\n<li>T\u00eb fitoni njohuri t\u00eb reja p\u00ebr mjedisin dhe sfid\u00ebn p\u00ebr t\u00eb cil\u00ebn do t\u00eb punoni<\/li>\n<li>T\u00eb fitosh 120000 denar\u00eb dhe t\u00eb realizosh zgjidhjen fituese<\/li>\n<\/ul>\n<\/div><div class=\"fusion-title title fusion-title-5 fusion-sep-none fusion-title-text fusion-title-size-four\"><h4 class=\"fusion-title-heading title-heading-left fusion-responsive-typography-calculated\" style=\"margin:0;--fontSize:26;line-height:1.4;\"><strong>SI DO T\u00cb ZHVILLOHET NJ\u00cb KAMP INOVACIONI?<\/strong><\/h4><\/div><div class=\"fusion-text fusion-text-5\"><p>Inokampi do t\u00eb jet\u00eb nj\u00eb p\u00ebrvoj\u00eb praktike, inovative dhe arg\u00ebtuese me nj\u00eb koh\u00ebzgjatje prej 3 dit\u00ebsh. Inokampi do t\u00eb mbahet nga 16 deri m\u00eb 18 maj n\u00eb Peh\u00e7ev\u00eb dhe Berov\u00eb.<\/p>\n<p>N\u00eb Inokamp do t\u00eb marrin pjes\u00eb 25 student\u00eb, t\u00eb cil\u00ebt do t\u00eb p\u00ebrzgjidhen individualisht, nd\u00ebrsa vet\u00eb ngjarja sipas nj\u00eb metodologjie t\u00eb ve\u00e7ant\u00eb do t\u00eb ndahet n\u00eb 5 ekipe me nga 5 pjes\u00ebmarr\u00ebs.<\/p>\n<p>Intensiteti dhe dinamika p\u00ebrcaktohen nga vet\u00eb pjes\u00ebmarr\u00ebsit dhe ne si organizator\u00eb do t\u00eb sigurohemi q\u00eb t\u00eb keni t\u00eb gjitha kushtet p\u00ebr t\u00eb duruar 48 or\u00eb.<\/p>\n<p>Premtojm\u00eb kafe t\u00eb pakufizuar, ushqim dhe pije t\u00eb kufizuara dhe p\u00ebrdorim t\u00eb pakufizuar t\u00eb fun zon\u00ebs t\u00eb Inocamp.<\/p>\n<p>Inokampusi do t\u00eb kulmoj\u00eb me seancat e Pitching t\u00eb secilit ekip para nj\u00eb paneli jurie n\u00eb dit\u00ebn e tret\u00eb. N\u00eb fund t\u00eb seancave do t\u00eb shpallet fituesi.<\/p>\n<p>Certifikatat do t\u00eb jepen p\u00ebr t\u00eb gjith\u00eb pjes\u00ebmarr\u00ebsit.<\/p>\n<p>Agjenda e p\u00ebrgjithshme e eventit do t\u00eb jet\u00eb si m\u00eb posht\u00eb:<\/p>\n<\/div>\n<div class=\"table-1\">\n<p><strong>DITA 1: Fillimi n\u00eb or\u00ebn 13.00<\/strong><\/p>\n<table width=\"100%\">\n<thead>\n<tr>\n<th align=\"left\"><strong>Pasdite<\/strong><\/th>\n<th align=\"left\">Njohja me nj\u00ebri-tjetrin, ndarja n\u00eb ekipe<\/th>\n<\/tr>\n<\/thead>\n<tbody>\n<tr>\n<td align=\"left\"><strong>N\u00eb mbr\u00ebmje<\/strong><\/td>\n<td align=\"left\">Gjenerimi i ideve<\/td>\n<\/tr>\n<\/tbody>\n<\/table>\n<div class=\"table-1\"><\/div>\n<\/div>\n\n<div class=\"table-1\">\n<p><strong>DITA 2: Fillimi n\u00eb or\u00ebn 09.00<\/strong><\/p>\n<table width=\"100%\">\n<thead>\n<tr>\n<th align=\"left\"><strong>N\u00eb m\u00ebngjes<\/strong><\/th>\n<th align=\"left\">Zhvillimi i zgjidhjeve, check-point i par\u00eb me mentor\u00ebt<\/th>\n<\/tr>\n<\/thead>\n<tbody>\n<tr>\n<td align=\"left\"><strong>Pasdite<\/strong><\/td>\n<td align=\"left\">Zhvillimi i zgjidhjeve, check-point me mentor\u00ebt<\/td>\n<\/tr>\n<tr>\n<td align=\"left\"><strong>N\u00eb mbr\u00ebmje<\/strong><\/td>\n<td align=\"left\">Turne, Zhvillimi i zgjidhjeve<\/td>\n<\/tr>\n<tr>\n<td align=\"left\"><strong>N\u00eb mbr\u00ebmje<\/strong><\/td>\n<td align=\"left\">Check-point me mentor\u00eb, zhvillimi i prototipeve<\/td>\n<\/tr>\n<\/tbody>\n<\/table>\n<\/div>\n\n<div class=\"table-1\">\n<p><strong>DITA 3: Fillimi n\u00eb or\u00ebn 10.00 dhe p\u00ebrfundon n\u00eb or\u00ebn 15.00<\/strong><\/p>\n<table width=\"100%\">\n<thead>\n<tr>\n<th align=\"left\"><strong>N\u00eb m\u00ebngjes<\/strong><\/th>\n<th align=\"left\">P\u00ebrgatitja e prezantimeve<\/th>\n<\/tr>\n<\/thead>\n<tbody>\n<tr>\n<td align=\"left\"><strong>Pasdite<\/strong><\/td>\n<td align=\"left\">Pitching dhe zgjedhja e fituesit<\/td>\n<\/tr>\n<\/tbody>\n<\/table>\n<\/div>\n<div class=\"fusion-title title fusion-title-6 fusion-sep-none fusion-title-text fusion-title-size-four\"><h4 class=\"fusion-title-heading title-heading-left fusion-responsive-typography-calculated\" style=\"margin:0;--fontSize:26;line-height:1.4;\"><strong>APLIKIMI DHE KUSHTET E P\u00cbRZGJEDHJES<\/strong><\/h4><\/div><div class=\"fusion-text fusion-text-6\"><p>Thirrja \u00ebsht\u00eb e hapur p\u00ebr t\u00eb gjith\u00eb student\u00ebt e shkencave natyrore dhe teknike q\u00eb jan\u00eb regjistruar n\u00eb nj\u00eb nga universitetet e akredituara n\u00eb Republik\u00ebn e Maqedonis\u00eb s\u00eb Veriut.<\/p>\n<p>Student\u00ebt e shkencave sociale do t\u00eb konsiderohen vet\u00ebm n\u00ebse kan\u00eb p\u00ebrvoj\u00eb specifike n\u00eb shkencat natyrore dhe teknike, si dhe n\u00eb fush\u00ebn e mjedisit jet\u00ebsor, dhe n\u00eb lidhje me sfid\u00ebn specifike<\/p>\n<p>Aplikimi b\u00ebhet duke plot\u00ebsuar <a href=\"https:\/\/docs.google.com\/forms\/d\/e\/1FAIpQLSd6lL3-s5o3Rb_Uh3ut1U_OwUwomUxF_Brpj5GoeCyNkz71Bw\/viewform\" target=\"_blank\" rel=\"noopener\"><span style=\"color: #003366;\"><strong>FORMULARIN<\/strong><\/span><\/a> e m\u00ebposht\u00ebm.<\/p>\n<p><strong><u>Afati i fundit p\u00ebr aplikim \u00ebsht\u00eb 08 maj<\/u><\/strong><\/p>\n<p><strong>Kriteret e p\u00ebrzgjedhjes jan\u00eb si m\u00eb posht\u00eb:<\/strong><\/p>\n<\/div>\n<div class=\"table-1\">\n<table width=\"100%\">\n<thead>\n<tr>\n<th align=\"left\"><\/th>\n<th style=\"text-align: center;\" align=\"left\"><strong>KRITERI<\/strong><\/th>\n<th style=\"text-align: center;\" align=\"left\"><strong>PIK\u00cbT<\/strong><\/th>\n<\/tr>\n<\/thead>\n<tbody>\n<tr>\n<td align=\"left\">1<\/td>\n<td align=\"left\">Niveli i aft\u00ebsive q\u00eb studenti posedon dhe q\u00eb mund t\u00eb p\u00ebrdoren n\u00eb ekip gjat\u00eb Inokamp<\/td>\n<td align=\"left\">25<\/td>\n<\/tr>\n<tr>\n<td align=\"left\">2<\/td>\n<td align=\"left\">Motivimi p\u00ebr t\u00eb marr\u00eb pjes\u00eb<\/td>\n<td align=\"left\">25<\/td>\n<\/tr>\n<tr>\n<td align=\"left\">3<\/td>\n<td align=\"left\">R\u00ebnd\u00ebsia e studimeve p\u00ebr sfid\u00ebn e hackathonit<\/td>\n<td align=\"left\">15<\/td>\n<\/tr>\n<\/tbody>\n<\/table>\n<\/div>\n<div class=\"fusion-text fusion-text-7\"><p>T\u00eb gjitha shpenzimet gjat\u00eb Inokamp-it (ushqim dhe pije) do t\u00eb sigurohen nga organizator\u00ebt.<\/p>\n<p>Student\u00ebve q\u00eb p\u00ebrzgjidhen dhe vijn\u00eb jasht\u00eb Shkupit do tu mbulohen shpenzimet e udh\u00ebtimit dhe akomodimit n\u00eb Shkup.<\/p>\n<\/div><div class=\"fusion-title title fusion-title-7 fusion-sep-none fusion-title-text fusion-title-size-four\"><h4 class=\"fusion-title-heading title-heading-left fusion-responsive-typography-calculated\" style=\"margin:0;--fontSize:26;line-height:1.4;\"><strong>AFATI KOHOR I NJ\u00cb CIKLI<\/strong><\/h4><\/div>\n<div class=\"table-1\">\n<p><strong>Afati kohor \u00ebsht\u00eb si m\u00eb posht\u00eb:<\/strong><\/p>\n<table width=\"100%\">\n<thead>\n<tr>\n<th align=\"left\">1<\/th>\n<th align=\"left\">Hapja e thirrjes<\/th>\n<th align=\"left\">11 prill<\/th>\n<\/tr>\n<\/thead>\n<tbody>\n<tr>\n<td align=\"left\">2<\/td>\n<td align=\"left\">Afati i fundit i aplikimeve<\/td>\n<td align=\"left\">08 maj<\/td>\n<\/tr>\n<tr>\n<td align=\"left\">3<\/td>\n<td align=\"left\">P\u00ebrzgjedhja e pjes\u00ebmarr\u00ebsve<\/td>\n<td align=\"left\">9 maj<\/td>\n<\/tr>\n<tr>\n<td align=\"left\">4<\/td>\n<td align=\"left\">Sesion p\u00ebrgatitor p\u00ebr 25 pjes\u00ebmarr\u00ebs t\u00eb p\u00ebrzgjedhur (online)<\/td>\n<td align=\"left\">10 maj<\/td>\n<\/tr>\n<tr>\n<td align=\"left\">5<\/td>\n<td align=\"left\">Kampi i Inovacionit<\/td>\n<td align=\"left\">16-18 maj<\/td>\n<\/tr>\n<tr>\n<td align=\"left\">6<\/td>\n<td align=\"left\">Realizimi i nj\u00eb zgjidhjeje fituese<\/td>\n<td align=\"left\"><span style=\"font-weight: 400;\">Maj-korrik 2024<\/span><\/td>\n<\/tr>\n<\/tbody>\n<\/table>\n<p>&nbsp;<\/p>\n<\/div>\n<div class=\"fusion-text fusion-text-8\"><p style=\"text-align: center;\"><strong>Projekti \u201cKampet e Inovacionit n\u00eb bashk\u00ebpunim me Rrjetin e m\u00ebsimit eksperiencial\u201d zbatohet nga Shoqata LEAD me mb\u00ebshtetjen financiare t\u00eb UNICEF dhe Suedis\u00eb.<\/strong><\/p>\n<\/div><\/div><\/div><\/div><\/div>\n","protected":false},"excerpt":{"rendered":"","protected":false},"author":1,"featured_media":3358,"parent":0,"menu_order":0,"comment_status":"closed","ping_status":"closed","template":"","meta":{"content-type":"","footnotes":""},"class_list":["post-3373","page","type-page","status-publish","has-post-thumbnail","hentry"],"_links":{"self":[{"href":"https:\/\/innocamps.lead.org.mk\/index.php?rest_route=\/wp\/v2\/pages\/3373","targetHints":{"allow":["GET"]}}],"collection":[{"href":"https:\/\/innocamps.lead.org.mk\/index.php?rest_route=\/wp\/v2\/pages"}],"about":[{"href":"https:\/\/innocamps.lead.org.mk\/index.php?rest_route=\/wp\/v2\/types\/page"}],"author":[{"embeddable":true,"href":"https:\/\/innocamps.lead.org.mk\/index.php?rest_route=\/wp\/v2\/users\/1"}],"replies":[{"embeddable":true,"href":"https:\/\/innocamps.lead.org.mk\/index.php?rest_route=%2Fwp%2Fv2%2Fcomments&post=3373"}],"version-history":[{"count":6,"href":"https:\/\/innocamps.lead.org.mk\/index.php?rest_route=\/wp\/v2\/pages\/3373\/revisions"}],"predecessor-version":[{"id":3393,"href":"https:\/\/innocamps.lead.org.mk\/index.php?rest_route=\/wp\/v2\/pages\/3373\/revisions\/3393"}],"wp:featuredmedia":[{"embeddable":true,"href":"https:\/\/innocamps.lead.org.mk\/index.php?rest_route=\/wp\/v2\/media\/3358"}],"wp:attachment":[{"href":"https:\/\/innocamps.lead.org.mk\/index.php?rest_route=%2Fwp%2Fv2%2Fmedia&parent=3373"}],"curies":[{"name":"wp","href":"https:\/\/api.w.org\/{rel}","templated":true}]}}